{"id":433,"date":"2014-11-14T16:34:50","date_gmt":"2014-11-14T16:34:50","guid":{"rendered":"http:\/\/demo.themetor.com\/thelaw\/?page_id=433"},"modified":"2025-06-10T03:50:31","modified_gmt":"2025-06-10T03:50:31","slug":"marcas","status":"publish","type":"page","link":"https:\/\/estudioriojas.com.pe\/ini\/marcas\/","title":{"rendered":"Marcas"},"content":{"rendered":"<div class=\"vce-row-container\" data-vce-boxed-width=\"true\"><div class=\"vce-row vce-row--col-gap-30 vce-row-equal-height vce-row-content--top\" id=\"el-001cde5b\" data-vce-do-apply=\"all el-001cde5b\"><div class=\"vce-row-content\" data-vce-element-content=\"true\"><div class=\"vce-col vce-col--md-auto vce-col--xs-1 vce-col--xs-last vce-col--xs-first vce-col--sm-last vce-col--sm-first vce-col--md-last vce-col--lg-last vce-col--xl-last vce-col--md-first vce-col--lg-first vce-col--xl-first\" id=\"el-b4a9d213\"><div class=\"vce-col-inner\" data-vce-do-apply=\"border margin background  el-b4a9d213\"><div class=\"vce-col-content\" data-vce-element-content=\"true\" data-vce-do-apply=\"padding el-b4a9d213\"><div class=\"vce-text-block\"><div class=\"vce-text-block-wrapper vce\" id=\"el-0f9e4a51\" data-vce-do-apply=\"all el-0f9e4a51\"><h4 style=\"text-align: justify;\">Los registros de marcas en Per\u00fa, vienen siendo otorgados en un plazo record de cinco meses aproximadamente, cuando se presenta toda la documentaci\u00f3n requerida.<\/h4><p>&nbsp;<\/p><h4 style=\"text-align: justify;\">Per\u00fa es uno de los pa\u00edses sudamericanos, en los cuales el registrar una marca o renovarla, dej\u00f3 de ser un tr\u00e1mite burocr\u00e1tico, ya pas\u00f3 a la historia esperar un tiempo desmedido para el reconocimiento de los derechos de un Inventor.<\/h4><p>&nbsp;<\/p><h4 style=\"text-align: justify;\">Actualmente, la ley permite el registro de marcas multi-clase (una solicitud para varias clases); las tasas son por cada clase. Los registros de marcas son concedidos por un periodo de diez a\u00f1os, y renovables por periodos iguales. Las renovaciones pueden solicitarse con seis meses de anticipaci\u00f3n, previos a su vencimiento. Tambi\u00e9n existe un plazo de gracia de seis meses posteriores.<\/h4><p>&nbsp;<\/p><h4 style=\"text-align: justify;\">Si una marca de producto o servicio no es usada en un per\u00edodo de tres a\u00f1os consecutivos, este podr\u00eda ser cancelado a solicitud de cualquier tercero. Los LEMAS COMERCIALES\/SLOGANS, s\u00f3lo deben registrarse cuando exista una marca solicitada o registrada, y para la misma clasificaci\u00f3n marcaria.<\/h4><p>&nbsp;<\/p><h4 style=\"text-align: justify;\">Los NOMBRES COMERCIALES, son permitidos para aquellos que se encuentran operando dentro del territorio peruano. Se requiere un registro separado para cada Nombre Comercial.<\/h4><\/div><\/div><\/div><\/div><\/div><\/div><\/div><\/div>\n","protected":false},"excerpt":{"rendered":"<p>Los registros de marcas en Per\u00fa, vienen siendo otorgados en un plazo record de cinco meses aproximadamente, cuando se presenta toda la documentaci\u00f3n requerida.&nbsp;Per\u00fa es uno de los pa\u00edses sudamericanos, [&hellip;]<\/p>\n","protected":false},"author":1,"featured_media":0,"parent":0,"menu_order":0,"comment_status":"open","ping_status":"closed","template":"","meta":{"footnotes":""},"_links":{"self":[{"href":"https:\/\/estudioriojas.com.pe\/ini\/wp-json\/wp\/v2\/pages\/433"}],"collection":[{"href":"https:\/\/estudioriojas.com.pe\/ini\/wp-json\/wp\/v2\/pages"}],"about":[{"href":"https:\/\/estudioriojas.com.pe\/ini\/wp-json\/wp\/v2\/types\/page"}],"author":[{"embeddable":true,"href":"https:\/\/estudioriojas.com.pe\/ini\/wp-json\/wp\/v2\/users\/1"}],"replies":[{"embeddable":true,"href":"https:\/\/estudioriojas.com.pe\/ini\/wp-json\/wp\/v2\/comments?post=433"}],"version-history":[{"count":8,"href":"https:\/\/estudioriojas.com.pe\/ini\/wp-json\/wp\/v2\/pages\/433\/revisions"}],"predecessor-version":[{"id":1473,"href":"https:\/\/estudioriojas.com.pe\/ini\/wp-json\/wp\/v2\/pages\/433\/revisions\/1473"}],"wp:attachment":[{"href":"https:\/\/estudioriojas.com.pe\/ini\/wp-json\/wp\/v2\/media?parent=433"}],"curies":[{"name":"wp","href":"https:\/\/api.w.org\/{rel}","templated":true}]}}