{"id":1092,"date":"2019-01-28T06:43:58","date_gmt":"2019-01-28T06:43:58","guid":{"rendered":"https:\/\/estudioriojas.com.pe\/ini\/?page_id=1092"},"modified":"2025-06-10T03:45:59","modified_gmt":"2025-06-10T03:45:59","slug":"acciones-de-infraccion","status":"publish","type":"page","link":"https:\/\/estudioriojas.com.pe\/ini\/acciones-de-infraccion\/","title":{"rendered":"Acciones de Infracci\u00f3n"},"content":{"rendered":"<div class=\"vce-row-container\" data-vce-boxed-width=\"true\"><div class=\"vce-row vce-row--col-gap-30 vce-row-equal-height vce-row-content--top\" id=\"el-229a2776\" data-vce-do-apply=\"all el-229a2776\"><div class=\"vce-row-content\" data-vce-element-content=\"true\"><div class=\"vce-col vce-col--md-auto vce-col--xs-1 vce-col--xs-last vce-col--xs-first vce-col--sm-last vce-col--sm-first vce-col--md-last vce-col--lg-last vce-col--xl-last vce-col--md-first vce-col--lg-first vce-col--xl-first\" id=\"el-6ab626d5\"><div class=\"vce-col-inner\" data-vce-do-apply=\"border margin background  el-6ab626d5\"><div class=\"vce-col-content\" data-vce-element-content=\"true\" data-vce-do-apply=\"padding el-6ab626d5\"><div class=\"vce-text-block\"><div class=\"vce-text-block-wrapper vce\" id=\"el-67ebe8e2\" data-vce-do-apply=\"all el-67ebe8e2\"><h4 style=\"text-align: justify;\" align=\"&quot;justify\"><strong>ESTUDIO RIOJAS VARGAS<\/strong>, brinda el servicio de accionar contra terceros por el uso indebido de un signo id\u00e9ntico o similar a una marca registrada, cuando tal uso pueda causar alguna confusi\u00f3n o riesgo con el propietario del registro.<\/h4><p>&nbsp;<\/p><h4 style=\"text-align: justify;\">Como una prueba fehaciente, es demostrar la adquisici\u00f3n del producto pirata, para lo cual se requiere presentar una copia de la boleta de venta o factura, as\u00ed como una muestra del producto que acredite la venta del producto infractor. De acuerdo a ley, una vez notificado el infractor deber\u00e1 contestar dentro de los 5 d\u00edas \u00fatiles.<\/h4><p>&nbsp;<\/p><h4 style=\"text-align: justify;\">La Oficina de Infracciones, cuenta con un plazo aproximado de ocho meses para resolver. En la resoluci\u00f3n correspondiente puede sancionar con una multa y prohibir el uso infractorio, adem\u00e1s tambi\u00e9n puede solicitar el pago de costas y costos. Para el caso de una Segunda Instancia, \u00e9sta puede emitir la Resoluci\u00f3n respectiva, dentro de 10 meses aproximadamente. La Autoridad competente, conforme a ley tiene un plazo m\u00e1ximo de 180 d\u00edas h\u00e1biles para emitir la Resoluci\u00f3n.<\/h4><\/div><\/div><\/div><\/div><\/div><\/div><\/div><\/div>\n","protected":false},"excerpt":{"rendered":"<p>ESTUDIO RIOJAS VARGAS, brinda el servicio de accionar contra terceros por el uso indebido de un signo id\u00e9ntico o similar a una marca registrada, cuando tal uso pueda causar alguna [&hellip;]<\/p>\n","protected":false},"author":1,"featured_media":0,"parent":0,"menu_order":0,"comment_status":"closed","ping_status":"closed","template":"","meta":{"footnotes":""},"_links":{"self":[{"href":"https:\/\/estudioriojas.com.pe\/ini\/wp-json\/wp\/v2\/pages\/1092"}],"collection":[{"href":"https:\/\/estudioriojas.com.pe\/ini\/wp-json\/wp\/v2\/pages"}],"about":[{"href":"https:\/\/estudioriojas.com.pe\/ini\/wp-json\/wp\/v2\/types\/page"}],"author":[{"embeddable":true,"href":"https:\/\/estudioriojas.com.pe\/ini\/wp-json\/wp\/v2\/users\/1"}],"replies":[{"embeddable":true,"href":"https:\/\/estudioriojas.com.pe\/ini\/wp-json\/wp\/v2\/comments?post=1092"}],"version-history":[{"count":12,"href":"https:\/\/estudioriojas.com.pe\/ini\/wp-json\/wp\/v2\/pages\/1092\/revisions"}],"predecessor-version":[{"id":1468,"href":"https:\/\/estudioriojas.com.pe\/ini\/wp-json\/wp\/v2\/pages\/1092\/revisions\/1468"}],"wp:attachment":[{"href":"https:\/\/estudioriojas.com.pe\/ini\/wp-json\/wp\/v2\/media?parent=1092"}],"curies":[{"name":"wp","href":"https:\/\/api.w.org\/{rel}","templated":true}]}}