{"id":1059,"date":"2018-06-29T22:22:07","date_gmt":"2018-06-29T22:22:07","guid":{"rendered":"https:\/\/estudioriojas.com.pe\/ini\/?page_id=1059"},"modified":"2025-06-10T03:46:47","modified_gmt":"2025-06-10T03:46:47","slug":"contratos","status":"publish","type":"page","link":"https:\/\/estudioriojas.com.pe\/ini\/contratos\/","title":{"rendered":"Titulares de Derechos"},"content":{"rendered":"<div class=\"vce-row-container\" data-vce-boxed-width=\"true\"><div class=\"vce-row vce-row--col-gap-30 vce-row-equal-height vce-row-content--top\" id=\"el-dc551057\" data-vce-do-apply=\"all el-dc551057\"><div class=\"vce-row-content\" data-vce-element-content=\"true\"><div class=\"vce-col vce-col--md-auto vce-col--xs-1 vce-col--xs-last vce-col--xs-first vce-col--sm-last vce-col--sm-first vce-col--md-last vce-col--lg-last vce-col--xl-last vce-col--md-first vce-col--lg-first vce-col--xl-first\" id=\"el-44172466\"><div class=\"vce-col-inner\" data-vce-do-apply=\"border margin background  el-44172466\"><div class=\"vce-col-content\" data-vce-element-content=\"true\" data-vce-do-apply=\"padding el-44172466\"><div class=\"vce-text-block\"><div class=\"vce-text-block-wrapper vce\" id=\"el-fd06a67e\" data-vce-do-apply=\"all el-fd06a67e\"><h4 style=\"text-align: justify;\"><strong>El Instituto Nacional de Defensa de la Competencia y de la Protecci\u00f3n de la Propiedad Intelectual \u2013 INDECOPI, castiga severamente a las personas que intenten ingresar al territorio nacional productos que contengan reproducciones de obras registradas por la legislaci\u00f3n sobre el derecho de autor (tales como dibujos animados, obras musicales, videojuegos, entre otros); y estos no se encuentren con la debida autorizaci\u00f3n del propietario o creador, lo que constituye una infracci\u00f3n administrativa a la Ley de Derecho de Autor.<\/strong><\/h4><p>&nbsp;<\/p><h4 style=\"text-align: justify;\"><strong>Es conveniente recordar las sanciones establecidas, a fin que los importadores las tengan siempre presentes y eviten cometer este tipo de infracci\u00f3n, ya que estas pueden ser desde la incautaci\u00f3n\/decomiso definitivo de los productos, y\/o la imposici\u00f3n de multas de hasta 180 UIT.<\/strong><\/h4><p>&nbsp;<\/p><h4 style=\"text-align: justify;\"><strong>Precisamente, para evitar el ingreso de productos piratas que afecten a las marcas de nuestros clientes, ESTUDIO RIOJAS VARGAS cuenta con un sistema de vigilancia, cuyo monitoreo de las DUAS (Declaraciones \u00danicas de Aduanas) es constante y diariamente, y cuya labor radica en detectar y emitir alertas\/notificaciones a nuestros clientes, respecto de las mercanc\u00edas presuntamente infractoras que ingresan al territorio nacional.<\/strong><\/h4><p>&nbsp;<\/p><h4 style=\"text-align: justify;\"><strong>En situaciones de detecci\u00f3n de productos piratas, nuestro accionar es inmediato en la presentaci\u00f3n de la demanda de infracci\u00f3n, logrando en tiempo record la detenci\u00f3n de la mercader\u00eda en Aduanas, y su posterior destrucci\u00f3n.<\/strong><\/h4><\/div><\/div><\/div><\/div><\/div><\/div><\/div><\/div>\n","protected":false},"excerpt":{"rendered":"<p>El Instituto Nacional de Defensa de la Competencia y de la Protecci\u00f3n de la Propiedad Intelectual \u2013 INDECOPI, castiga severamente a las personas que intenten ingresar al territorio nacional productos [&hellip;]<\/p>\n","protected":false},"author":1,"featured_media":0,"parent":0,"menu_order":0,"comment_status":"closed","ping_status":"closed","template":"","meta":{"footnotes":""},"_links":{"self":[{"href":"https:\/\/estudioriojas.com.pe\/ini\/wp-json\/wp\/v2\/pages\/1059"}],"collection":[{"href":"https:\/\/estudioriojas.com.pe\/ini\/wp-json\/wp\/v2\/pages"}],"about":[{"href":"https:\/\/estudioriojas.com.pe\/ini\/wp-json\/wp\/v2\/types\/page"}],"author":[{"embeddable":true,"href":"https:\/\/estudioriojas.com.pe\/ini\/wp-json\/wp\/v2\/users\/1"}],"replies":[{"embeddable":true,"href":"https:\/\/estudioriojas.com.pe\/ini\/wp-json\/wp\/v2\/comments?post=1059"}],"version-history":[{"count":14,"href":"https:\/\/estudioriojas.com.pe\/ini\/wp-json\/wp\/v2\/pages\/1059\/revisions"}],"predecessor-version":[{"id":1469,"href":"https:\/\/estudioriojas.com.pe\/ini\/wp-json\/wp\/v2\/pages\/1059\/revisions\/1469"}],"wp:attachment":[{"href":"https:\/\/estudioriojas.com.pe\/ini\/wp-json\/wp\/v2\/media?parent=1059"}],"curies":[{"name":"wp","href":"https:\/\/api.w.org\/{rel}","templated":true}]}}