{"id":1057,"date":"2018-06-29T22:21:30","date_gmt":"2018-06-29T22:21:30","guid":{"rendered":"https:\/\/estudioriojas.com.pe\/ini\/?page_id=1057"},"modified":"2025-06-10T03:48:06","modified_gmt":"2025-06-10T03:48:06","slug":"competencia-desleal","status":"publish","type":"page","link":"https:\/\/estudioriojas.com.pe\/ini\/competencia-desleal\/","title":{"rendered":"Competencia desleal"},"content":{"rendered":"<div class=\"vce-row-container\" data-vce-boxed-width=\"true\"><div class=\"vce-row vce-row--col-gap-30 vce-row-equal-height vce-row-content--top\" id=\"el-35a19ffc\" data-vce-do-apply=\"all el-35a19ffc\"><div class=\"vce-row-content\" data-vce-element-content=\"true\"><div class=\"vce-col vce-col--md-auto vce-col--xs-1 vce-col--xs-last vce-col--xs-first vce-col--sm-last vce-col--sm-first vce-col--md-last vce-col--lg-last vce-col--xl-last vce-col--md-first vce-col--lg-first vce-col--xl-first\" id=\"el-2f262ac3\"><div class=\"vce-col-inner\" data-vce-do-apply=\"border margin background  el-2f262ac3\"><div class=\"vce-col-content\" data-vce-element-content=\"true\" data-vce-do-apply=\"padding el-2f262ac3\"><div class=\"vce-text-block\"><div class=\"vce-text-block-wrapper vce\" id=\"el-df2af44f\" data-vce-do-apply=\"all el-df2af44f\"><h4 style=\"text-align: justify;\">Algunas de las pr\u00e1cticas de competencia desleal, m\u00e1s comunes son:<\/h4><p>&nbsp;<\/p><h4 style=\"text-align: justify;\">1. Hacer creer a los consumidores que el producto tiene un costo diferente al real.<\/h4><h4 style=\"text-align: justify;\">2. Dumping&nbsp;en los precios, vender a un precio menor al costo final del producto.<\/h4><h4 style=\"text-align: justify;\">3. Denigraci\u00f3n: difundir informaci\u00f3n falsa sobre los productos de los competidores.<\/h4><h4 style=\"text-align: justify;\">4. Confusi\u00f3n: pretender parecerse a un competidor para que el comprador adquiera sus productos en lugar de los del competidor.<\/h4><h4 style=\"text-align: justify;\">5. Dependencia econ\u00f3mica: condicionar al proveedor para que se le compre casi toda su producci\u00f3n. Dado a que el proveedor depende de estas ventas para la subsistencia de la empresa, no tendr\u00eda m\u00e1s opci\u00f3n que aceptarlas.<\/h4><p>&nbsp;<\/p><h4 style=\"text-align: justify;\">Explotaci\u00f3n de la popularidad ajena, son otros tipos de actos de competencia desleal.<\/h4><p>&nbsp;<\/p><h4 style=\"text-align: justify;\">A efectos de que una conducta sea calificada como desleal, es necesario que se cumplan ciertos per\u00edmetros de aplicaci\u00f3n, tales como: el territorial, el subjetivo y el objetivo.<\/h4><\/div><\/div><\/div><\/div><\/div><\/div><\/div><\/div>\n","protected":false},"excerpt":{"rendered":"<p>Algunas de las pr\u00e1cticas de competencia desleal, m\u00e1s comunes son:&nbsp;1. Hacer creer a los consumidores que el producto tiene un costo diferente al real.2. Dumping&nbsp;en los precios, vender a un [&hellip;]<\/p>\n","protected":false},"author":1,"featured_media":0,"parent":0,"menu_order":0,"comment_status":"closed","ping_status":"closed","template":"","meta":{"footnotes":""},"_links":{"self":[{"href":"https:\/\/estudioriojas.com.pe\/ini\/wp-json\/wp\/v2\/pages\/1057"}],"collection":[{"href":"https:\/\/estudioriojas.com.pe\/ini\/wp-json\/wp\/v2\/pages"}],"about":[{"href":"https:\/\/estudioriojas.com.pe\/ini\/wp-json\/wp\/v2\/types\/page"}],"author":[{"embeddable":true,"href":"https:\/\/estudioriojas.com.pe\/ini\/wp-json\/wp\/v2\/users\/1"}],"replies":[{"embeddable":true,"href":"https:\/\/estudioriojas.com.pe\/ini\/wp-json\/wp\/v2\/comments?post=1057"}],"version-history":[{"count":9,"href":"https:\/\/estudioriojas.com.pe\/ini\/wp-json\/wp\/v2\/pages\/1057\/revisions"}],"predecessor-version":[{"id":1470,"href":"https:\/\/estudioriojas.com.pe\/ini\/wp-json\/wp\/v2\/pages\/1057\/revisions\/1470"}],"wp:attachment":[{"href":"https:\/\/estudioriojas.com.pe\/ini\/wp-json\/wp\/v2\/media?parent=1057"}],"curies":[{"name":"wp","href":"https:\/\/api.w.org\/{rel}","templated":true}]}}