{"id":1055,"date":"2018-06-29T22:20:43","date_gmt":"2018-06-29T22:20:43","guid":{"rendered":"https:\/\/estudioriojas.com.pe\/ini\/?page_id=1055"},"modified":"2025-06-10T03:49:09","modified_gmt":"2025-06-10T03:49:09","slug":"derechos-de-autor","status":"publish","type":"page","link":"https:\/\/estudioriojas.com.pe\/ini\/derechos-de-autor\/","title":{"rendered":"Derechos de Autor"},"content":{"rendered":"<div class=\"vce-row-container\" data-vce-boxed-width=\"true\"><div class=\"vce-row vce-row--col-gap-30 vce-row-equal-height vce-row-content--top\" id=\"el-d12d53c4\" data-vce-do-apply=\"all el-d12d53c4\"><div class=\"vce-row-content\" data-vce-element-content=\"true\"><div class=\"vce-col vce-col--md-auto vce-col--xs-1 vce-col--xs-last vce-col--xs-first vce-col--sm-last vce-col--sm-first vce-col--md-last vce-col--lg-last vce-col--xl-last vce-col--md-first vce-col--lg-first vce-col--xl-first\" id=\"el-91b7ceef\"><div class=\"vce-col-inner\" data-vce-do-apply=\"border margin background  el-91b7ceef\"><div class=\"vce-col-content\" data-vce-element-content=\"true\" data-vce-do-apply=\"padding el-91b7ceef\"><div class=\"vce-text-block\"><div class=\"vce-text-block-wrapper vce\" id=\"el-7ec7e812\" data-vce-do-apply=\"all el-7ec7e812\"><h4 style=\"text-align: justify;\">El derecho de autor corresponde a un conjunto de normas jur\u00eddicas y elementos que confirman los derechos patrimoniales y morales que la ley Otorga a los autores, por el simple hecho de haber creado una obra literaria, musical, art\u00edstica, did\u00e1ctica o cient\u00edfica.<\/h4><p>&nbsp;<\/p><h4 style=\"text-align: justify;\">Se reconoce que los derechos de autor es uno de los derechos humanos fundamentales en la Declaraci\u00f3n Universal de los Derechos Humanos. Las obras pasan al dominio p\u00fablico cuando los derechos patrimoniales expiraron; esto ocurre cuando ha transcurrido un plazo determinado desde la muerte del autor.<\/h4><p>&nbsp;<\/p><h4 style=\"text-align: justify;\">El plazo m\u00ednimo, a nivel mundial, es de 50 a\u00f1os y est\u00e1 establecido en el Convenio de Berna. En su mayor\u00eda muchos pa\u00edses han extendido ese plazo considerablemente. En la Comunidad Europea son 70 a\u00f1os desde la muerte del autor, y una vez transcurrido ese tiempo, dicha obra puede ser utilizada de manera libre, respetando los derechos morales.<\/h4><\/div><\/div><\/div><\/div><\/div><\/div><\/div><\/div>\n","protected":false},"excerpt":{"rendered":"<p>El derecho de autor corresponde a un conjunto de normas jur\u00eddicas y elementos que confirman los derechos patrimoniales y morales que la ley Otorga a los autores, por el simple [&hellip;]<\/p>\n","protected":false},"author":1,"featured_media":0,"parent":0,"menu_order":0,"comment_status":"closed","ping_status":"closed","template":"","meta":{"footnotes":""},"_links":{"self":[{"href":"https:\/\/estudioriojas.com.pe\/ini\/wp-json\/wp\/v2\/pages\/1055"}],"collection":[{"href":"https:\/\/estudioriojas.com.pe\/ini\/wp-json\/wp\/v2\/pages"}],"about":[{"href":"https:\/\/estudioriojas.com.pe\/ini\/wp-json\/wp\/v2\/types\/page"}],"author":[{"embeddable":true,"href":"https:\/\/estudioriojas.com.pe\/ini\/wp-json\/wp\/v2\/users\/1"}],"replies":[{"embeddable":true,"href":"https:\/\/estudioriojas.com.pe\/ini\/wp-json\/wp\/v2\/comments?post=1055"}],"version-history":[{"count":8,"href":"https:\/\/estudioriojas.com.pe\/ini\/wp-json\/wp\/v2\/pages\/1055\/revisions"}],"predecessor-version":[{"id":1471,"href":"https:\/\/estudioriojas.com.pe\/ini\/wp-json\/wp\/v2\/pages\/1055\/revisions\/1471"}],"wp:attachment":[{"href":"https:\/\/estudioriojas.com.pe\/ini\/wp-json\/wp\/v2\/media?parent=1055"}],"curies":[{"name":"wp","href":"https:\/\/api.w.org\/{rel}","templated":true}]}}