{"id":1053,"date":"2018-06-29T22:20:00","date_gmt":"2018-06-29T22:20:00","guid":{"rendered":"https:\/\/estudioriojas.com.pe\/ini\/?page_id=1053"},"modified":"2025-06-10T03:49:46","modified_gmt":"2025-06-10T03:49:46","slug":"disenos-y-modelos","status":"publish","type":"page","link":"https:\/\/estudioriojas.com.pe\/ini\/disenos-y-modelos\/","title":{"rendered":"Dise\u00f1os Industriales"},"content":{"rendered":"<div class=\"vce-row-container\" data-vce-boxed-width=\"true\"><div class=\"vce-row vce-row--col-gap-30 vce-row-equal-height vce-row-content--top\" id=\"el-07560fed\" data-vce-do-apply=\"all el-07560fed\"><div class=\"vce-row-content\" data-vce-element-content=\"true\"><div class=\"vce-col vce-col--md-auto vce-col--xs-1 vce-col--xs-last vce-col--xs-first vce-col--sm-last vce-col--sm-first vce-col--md-last vce-col--lg-last vce-col--xl-last vce-col--md-first vce-col--lg-first vce-col--xl-first\" id=\"el-1603de7d\"><div class=\"vce-col-inner\" data-vce-do-apply=\"border margin background  el-1603de7d\"><div class=\"vce-col-content\" data-vce-element-content=\"true\" data-vce-do-apply=\"padding el-1603de7d\"><div class=\"vce-text-block\"><div class=\"vce-text-block-wrapper vce\" id=\"el-77e94f7b\" data-vce-do-apply=\"all el-77e94f7b\"><h4 style=\"text-align: justify;\">ESTUDIO RIOJAS VARGAS tambi\u00e9n ofrece el servicio para la protecci\u00f3n de un Dise\u00f1o Industrial.&nbsp;El registro de un Dise\u00f1o Industrial protege la forma externa creadora del producto, abarcando tanto sus formas bidimensionales (figuras) como las tridimensionales (modelos) o puede ser una combinaci\u00f3n de ambas.<\/h4><p>&nbsp;<\/p><h4 style=\"text-align: justify;\">Con la protecci\u00f3n de un Dise\u00f1o Industrial se protege la innovaci\u00f3n formal a las caracter\u00edsticas de la apariencia del producto en s\u00ed, o de su realce.<\/h4><p>&nbsp;<\/p><h4 style=\"text-align: justify;\">Los aspectos t\u00e9cnicos no tienen notabilidad a efectos de su registro. El dise\u00f1o industrial s\u00f3lo tiene notabilidad su forma externa. Tambi\u00e9n es importante destacar que dentro del tr\u00e1mite de un Dise\u00f1o Industrial no existen acciones de Oposici\u00f3n previas a la concesi\u00f3n; el registro siempre es concedido, y una vez concedido, ser\u00e1 un tercero quien deba invocar mejor derecho.<\/h4><\/div><\/div><\/div><\/div><\/div><\/div><\/div><\/div>\n","protected":false},"excerpt":{"rendered":"<p>ESTUDIO RIOJAS VARGAS tambi\u00e9n ofrece el servicio para la protecci\u00f3n de un Dise\u00f1o Industrial.&nbsp;El registro de un Dise\u00f1o Industrial protege la forma externa creadora del producto, abarcando tanto sus formas [&hellip;]<\/p>\n","protected":false},"author":1,"featured_media":0,"parent":0,"menu_order":0,"comment_status":"closed","ping_status":"closed","template":"","meta":{"footnotes":""},"_links":{"self":[{"href":"https:\/\/estudioriojas.com.pe\/ini\/wp-json\/wp\/v2\/pages\/1053"}],"collection":[{"href":"https:\/\/estudioriojas.com.pe\/ini\/wp-json\/wp\/v2\/pages"}],"about":[{"href":"https:\/\/estudioriojas.com.pe\/ini\/wp-json\/wp\/v2\/types\/page"}],"author":[{"embeddable":true,"href":"https:\/\/estudioriojas.com.pe\/ini\/wp-json\/wp\/v2\/users\/1"}],"replies":[{"embeddable":true,"href":"https:\/\/estudioriojas.com.pe\/ini\/wp-json\/wp\/v2\/comments?post=1053"}],"version-history":[{"count":23,"href":"https:\/\/estudioriojas.com.pe\/ini\/wp-json\/wp\/v2\/pages\/1053\/revisions"}],"predecessor-version":[{"id":1472,"href":"https:\/\/estudioriojas.com.pe\/ini\/wp-json\/wp\/v2\/pages\/1053\/revisions\/1472"}],"wp:attachment":[{"href":"https:\/\/estudioriojas.com.pe\/ini\/wp-json\/wp\/v2\/media?parent=1053"}],"curies":[{"name":"wp","href":"https:\/\/api.w.org\/{rel}","templated":true}]}}